{"id":3268,"date":"2024-03-29T09:44:38","date_gmt":"2024-03-29T09:44:38","guid":{"rendered":"https:\/\/neurotherapeutepro.com\/?page_id=3268"},"modified":"2024-04-04T14:30:58","modified_gmt":"2024-04-04T14:30:58","slug":"tarifs","status":"publish","type":"page","link":"https:\/\/neurotherapeutepro.com\/?page_id=3268","title":{"rendered":"Tarifs"},"content":{"rendered":"<p>[et_pb_section fb_built=&#8221;1&#8243; _builder_version=&#8221;4.24.1&#8243; _module_preset=&#8221;default&#8221; global_colors_info=&#8221;{}&#8221;][et_pb_row _builder_version=&#8221;4.24.1&#8243; _module_preset=&#8221;default&#8221; global_colors_info=&#8221;{}&#8221;][et_pb_column type=&#8221;4_4&#8243; _builder_version=&#8221;4.24.1&#8243; _module_preset=&#8221;default&#8221; global_colors_info=&#8221;{}&#8221;][et_pb_heading title=&#8221;Tarif en neuroth\u00e9rapie&#8221; _builder_version=&#8221;4.24.1&#8243; _module_preset=&#8221;default&#8221; global_colors_info=&#8221;{}&#8221;][\/et_pb_heading][\/et_pb_column][\/et_pb_row][et_pb_row _builder_version=&#8221;4.24.1&#8243; _module_preset=&#8221;default&#8221; global_colors_info=&#8221;{}&#8221;][et_pb_column type=&#8221;4_4&#8243; _builder_version=&#8221;4.24.1&#8243; _module_preset=&#8221;default&#8221; global_colors_info=&#8221;{}&#8221;][et_pb_text _builder_version=&#8221;4.24.1&#8243; _module_preset=&#8221;default&#8221; hover_enabled=&#8221;0&#8243; global_colors_info=&#8221;{}&#8221; sticky_enabled=&#8221;0&#8243;]<\/p>\n<h3><strong><span style=\"color: #961567;\">Premi\u00e8re s\u00e9ance d&#8217;information \u00e0 mon cabinet gratuite<\/span><\/strong><\/h3>\n<h3><span style=\"color: #961567;\"><strong><\/strong><\/span><\/h3>\n<h3><span style=\"color: #961567;\"><strong>L&#8217;\u00e9valuation initiale \u00a0250\u20ac<\/strong><\/span><\/h3>\n<h3><span style=\"color: #961567;\"><strong>L&#8217;\u00e9valuation de suivi 200\u20ac<\/strong><strong><\/strong><\/span><\/h3>\n<h3><span style=\"color: #961567;\"><strong>L&#8217;\u00e9valuation finale 150\u20ac<\/strong><\/span><\/h3>\n<h3><strong><span style=\"color: #961567;\">La s\u00e9ance d&#8217;entra\u00eenement 60\u20ac<\/span><\/strong><\/h3>\n<h3><\/h3>\n<p><span style=\"color: #e8e8e8;\"><\/span><\/p>\n<p><span style=\"color: #961567;\"><strong><\/strong><\/span><\/p>\n<p>[\/et_pb_text][\/et_pb_column][\/et_pb_row][\/et_pb_section]<\/p>\n","protected":false},"excerpt":{"rendered":"<p>Premi\u00e8re s\u00e9ance d&#8217;information \u00e0 mon cabinet gratuite L&#8217;\u00e9valuation initiale \u00a0250\u20ac L&#8217;\u00e9valuation de suivi 200\u20ac L&#8217;\u00e9valuation finale 150\u20ac La s\u00e9ance d&#8217;entra\u00eenement 60\u20ac<\/p>\n","protected":false},"author":1,"featured_media":0,"parent":0,"menu_order":0,"comment_status":"closed","ping_status":"closed","template":"","meta":{"_et_pb_use_builder":"on","_et_pb_old_content":"","_et_gb_content_width":"","footnotes":""},"class_list":["post-3268","page","type-page","status-publish","hentry"],"_links":{"self":[{"href":"https:\/\/neurotherapeutepro.com\/index.php?rest_route=\/wp\/v2\/pages\/3268","targetHints":{"allow":["GET"]}}],"collection":[{"href":"https:\/\/neurotherapeutepro.com\/index.php?rest_route=\/wp\/v2\/pages"}],"about":[{"href":"https:\/\/neurotherapeutepro.com\/index.php?rest_route=\/wp\/v2\/types\/page"}],"author":[{"embeddable":true,"href":"https:\/\/neurotherapeutepro.com\/index.php?rest_route=\/wp\/v2\/users\/1"}],"replies":[{"embeddable":true,"href":"https:\/\/neurotherapeutepro.com\/index.php?rest_route=%2Fwp%2Fv2%2Fcomments&post=3268"}],"version-history":[{"count":5,"href":"https:\/\/neurotherapeutepro.com\/index.php?rest_route=\/wp\/v2\/pages\/3268\/revisions"}],"predecessor-version":[{"id":3304,"href":"https:\/\/neurotherapeutepro.com\/index.php?rest_route=\/wp\/v2\/pages\/3268\/revisions\/3304"}],"wp:attachment":[{"href":"https:\/\/neurotherapeutepro.com\/index.php?rest_route=%2Fwp%2Fv2%2Fmedia&parent=3268"}],"curies":[{"name":"wp","href":"https:\/\/api.w.org\/{rel}","templated":true}]}}